{"id":371,"date":"2021-03-10T14:15:03","date_gmt":"2021-03-10T13:15:03","guid":{"rendered":"https:\/\/cohortecantabria.com\/?page_id=371"},"modified":"2024-03-15T14:03:06","modified_gmt":"2024-03-15T13:03:06","slug":"nota-legal","status":"publish","type":"page","link":"https:\/\/cohortecantabria.com\/en\/nota-legal\/","title":{"rendered":"Legal Note"},"content":{"rendered":"<div class=\"wp-block-columns alignfull is-layout-flex wp-container-core-columns-is-layout-28f84493 wp-block-columns-is-layout-flex\">\n<div class=\"wp-block-column is-layout-flow wp-block-column-is-layout-flow\" style=\"flex-basis:5%\">\n<div class=\"wp-block-group alignfull\"><div class=\"wp-block-group__inner-container is-layout-flow wp-block-group-is-layout-flow\"><\/div><\/div>\n<\/div>\n\n\n\n<div class=\"wp-block-column is-layout-flow wp-block-column-is-layout-flow\" style=\"flex-basis:90%\">\n<p><strong>1. OWNER<\/strong><\/p>\n\n\n\n<p class=\"has-text-align-justify\">In compliance with Law 34\/2002, of July 11, on Information Society Services and Electronic Commerce, the identifying data of the owner of the Website you are browsing are:<\/p>\n\n\n\n<p class=\"has-text-align-justify\">FUNDACI\u00d3N INSTITUTO DE INVESTIGACI\u00d3N MARQU\u00c9S DE VALDECILLA.&nbsp; CIF: G39788773<\/p>\n\n\n\n<p class=\"has-text-align-justify\">Adress: AVDA. CARDENAL HERRERA ORIA, S\/N, 39007, SANTANDER.<\/p>\n\n\n\n<p class=\"has-text-align-justify\">Telephone: 942 315 515<\/p>\n\n\n\n<p class=\"has-text-align-justify\">email: cohortecantabria@idival.org<\/p>\n\n\n\n<p class=\"has-text-align-justify\">Registration Data of the Foundation: \u00a0Registro de Fundaciones de Cantabria con Numero\u00a0O,I,29<strong>&nbsp;<\/strong>&nbsp;<\/p>\n\n\n\n<p><strong>2. GENERAL<\/strong><\/p>\n\n\n\n<p class=\"has-text-align-justify\">The User agrees to use the Website and the Contents and\/or Services incorporated into it diligently and correctly.<\/p>\n\n\n\n<p class=\"has-text-align-justify\">The Website is only available for personal, non-commercial use. The User undertakes not to damage, disable, or deteriorate the computer equipment and telecommunication systems of FUNDACI\u00d3N INSTITUTO DE INVESTIGACI\u00d3N MARQU\u00c9S DE VALDECILLA or any third parties, nor the contents incorporated and\/or stored on them.<\/p>\n\n\n\n<p>Copying, republication, publication, distribution, transmission, or modification of all or part of the Website is expressly prohibited.<\/p>\n\n\n\n<p class=\"has-text-align-justify\">FUNDACI\u00d3N INSTITUTO DE INVESTIGACI\u00d3N MARQU\u00c9S DE VALDECILLA reserves the right to modify, at any time, and without prior notice, the presentation and configuration of the Website and the contents and services incorporated into it. The User acknowledges and accepts that at any time FUNDACI\u00d3N INSTITUTO DE INVESTIGACI\u00d3N MARQU\u00c9S DE VALDECILLA may interrupt, deactivate, and\/or cancel any of the contents and\/or services integrated into the Website.<\/p>\n\n\n\n<p><strong>3. INTELLECTUAL AND INDUSTRIAL PROPERTY<\/strong><\/p>\n\n\n\n<p class=\"has-text-align-justify\">This Website, as well as the contents, services, and elements (including, but not limited to, audio, video, text, photographs, graphics, images, trademarks, etc.) are the property of FUNDACI\u00d3N INSTITUTO DE INVESTIGACI\u00d3N MARQU\u00c9S DE VALDECILLA or third parties. Under no circumstances will it be understood that the User's access and navigation imply a total or partial waiver, transmission, license, or assignment of such rights by FUNDACI\u00d3N INSTITUTO DE INVESTIGACI\u00d3N MARQU\u00c9S DE VALDECILLA.<\/p>\n\n\n\n<p class=\"has-text-align-justify\">Reproduction, distribution, and public communication, including its making available, of all or part of the contents of this Website for commercial purposes, on any medium and by any technical means, without the authorization of FUNDACI\u00d3N INSTITUTO DE INVESTIGACI\u00d3N MARQU\u00c9S DE VALDECILLA, are expressly prohibited.<\/p>\n\n\n\n<p class=\"has-text-align-justify\">The trademark, trade name, or any distinctive sign is the property of FUNDACI\u00d3N INSTITUTO DE INVESTIGACI\u00d3N MARQU\u00c9S DE VALDECILLA, and the use of such signs for any purpose is prohibited without the express written consent of FUNDACI\u00d3N INSTITUTO DE INVESTIGACI\u00d3N MARQU\u00c9S DE VALDECILLA.<\/p>\n\n\n\n<p><strong>4. WARRANTIES AND LIABILITY<\/strong><\/p>\n\n\n\n<p class=\"has-text-align-justify\">Unless expressly stated otherwise by law or specific indication to the contrary, the User expressly acknowledges and accepts that FUNDACI\u00d3N INSTITUTO DE INVESTIGACI\u00d3N MARQU\u00c9S DE VALDECILLA does not provide any warranty regarding the Website, or the contents or services it incorporates. This includes, for example, the availability and continuity of the operation of the Website, interruption, suspension, or cancellation of access to the Website and the contents and\/or services it incorporates, lack of truth, accuracy, completeness, relevance, and\/or timeliness of the contents, etc.<\/p>\n\n\n\n<p class=\"has-text-align-justify\">Likewise, FUNDACI\u00d3N INSTITUTO DE INVESTIGACI\u00d3N MARQU\u00c9S DE VALDECILLA does not guarantee the absence of computer viruses.<\/p>\n\n\n\n<p class=\"has-text-align-justify\">FUNDACI\u00d3N INSTITUTO DE INVESTIGACI\u00d3N MARQU\u00c9S DE VALDECILLA will not be liable for any damages arising from the use of the Website or damages of any kind suffered by the User resulting from failures or disconnections in the telecommunications networks that cause the suspension, cancellation, or interruption of the service of the Website during its provision or beforehand.<\/p>\n\n\n\n<p><strong>5. DATA PROTECTION<\/strong><\/p>\n\n\n\n<p class=\"has-text-align-justify\">The processing of personal data that may be carried out through the Website http:\/\/www.cohortecantabria.com is governed by the provisions of the Privacy Policy document. <a href=\"https:\/\/cohortecantabria.com\/en\/\" rel=\"nofollow\">http:\/\/www.cohortecantabria.com<\/a> queda determinada por lo establecido en el documento Pol\u00edtica de Privacidad.<\/p>\n\n\n\n<p><strong>6. LINKS<\/strong><\/p>\n\n\n\n<p class=\"has-text-align-justify\">In the event that the Website contains links or hyperlinks to other websites (hereinafter, \"Linked Sites\"), FUNDACI\u00d3N INSTITUTO DE INVESTIGACI\u00d3N MARQU\u00c9S DE VALDECILLA will not exercise any control over such sites and content.<\/p>\n\n\n\n<p class=\"has-text-align-justify\">FUNDACI\u00d3N INSTITUTO DE INVESTIGACI\u00d3N MARQU\u00c9S DE VALDECILLA will not assume any responsibility for the services and content of the Linked Sites.<\/p>\n\n\n\n<p><strong>7. DURATION OF TERMS OF USE AND THEIR MODIFICATION<\/strong><\/p>\n\n\n\n<p class=\"has-text-align-justify\">FUNDACI\u00d3N INSTITUTO DE INVESTIGACI\u00d3N MARQU\u00c9S DE VALDECILLA may modify the conditions stipulated here at any time, with due publication as indicated herein. The validity of said conditions will depend on their exposure and will remain in effect until modified by others duly published.<\/p>\n\n\n\n<p><strong>8. APPLICABLE LAW AND JURISDICTION<\/strong><\/p>\n\n\n\n<p class=\"has-text-align-justify\">These terms of use will be governed and interpreted in accordance with current Spanish law.<\/p>\n\n\n\n<p class=\"has-text-align-justify\">Unless otherwise required by law, for the interpretation or execution of the provisions contained in these terms, the parties submit to the Courts and Tribunals of the city of Santander, expressly waiving any other jurisdiction that may correspond to them. In the event that any clause of these terms is declared null, the remaining clauses will remain valid and will be interpreted in accordance with the will of the parties and the purpose of the clauses.<\/p>\n<\/div>\n\n\n\n<div class=\"wp-block-column is-layout-flow wp-block-column-is-layout-flow\" style=\"flex-basis:5%\"><\/div>\n<\/div>\n\n\n\n<div style=\"height:26px\" aria-hidden=\"true\" class=\"wp-block-spacer\"><\/div>\n\n\n\n<footer class=\"wp-block-group alignfull has-primary-background-color has-background mb-0 mt-0 is-content-justification-center is-layout-flex wp-container-core-group-is-layout-8874242f wp-block-group-is-layout-flex\" id=\"BLOQUEfooter\" style=\"min-height:0px;margin-top:0;padding-top:0\">\n<div class=\"wp-block-columns is-layout-flex wp-container-core-columns-is-layout-ec2e7a44 wp-block-columns-is-layout-flex\" style=\"padding-top:0;padding-bottom:0\">\n<div class=\"wp-block-column is-layout-flow wp-block-column-is-layout-flow\" style=\"padding-top:var(--wp--preset--spacing--40);padding-bottom:var(--wp--preset--spacing--40);flex-basis:100%\">\n<div class=\"wp-block-columns alignfull are-vertically-aligned-center is-layout-flex wp-container-core-columns-is-layout-28f84493 wp-block-columns-is-layout-flex\">\n<div class=\"wp-block-column is-vertically-aligned-center is-layout-flow wp-block-column-is-layout-flow\" style=\"flex-basis:50%\">\n<div class=\"wp-block-columns alignfull are-vertically-aligned-center is-layout-flex wp-container-core-columns-is-layout-28f84493 wp-block-columns-is-layout-flex\">\n<div class=\"wp-block-column is-vertically-aligned-center is-layout-flow wp-block-column-is-layout-flow\" style=\"padding-top:var(--wp--preset--spacing--20);padding-bottom:var(--wp--preset--spacing--20);flex-basis:100%\">\n<p class=\"has-text-align-center mb-0 pb-0 mt-0 pt-0\" style=\"margin-top:var(--wp--preset--spacing--50);margin-bottom:0;font-size:20px\">TAKE A LOOK AT OUR COHORT<\/p>\n<\/div>\n<\/div>\n\n\n\n<div class=\"wp-block-buttons alignfull is-content-justification-center is-layout-flex wp-container-core-buttons-is-layout-b5994976 wp-block-buttons-is-layout-flex\">\n<div class=\"wp-block-button has-custom-width wp-block-button__width-75 is-style-circular has-custom-lineheight mb-0 pb-0 mt-0 pt-0\" style=\"line-height:1;font-size:20px\"><a class=\"wp-block-button__link has-text-color has-background has-link-color has-custom-font-size wp-element-button\" href=\"https:\/\/cohortecantabria.com\/en\/estadisticas\/\" style=\"border-style:none;border-width:0px;border-radius:0px;color:#1529a9;background-color:#fefefe;padding-right:var(--wp--preset--spacing--20);padding-left:var(--wp--preset--spacing--20);font-size:20px\" target=\"_blank\" rel=\"noreferrer noopener\">STATISTICS<\/a><\/div>\n<\/div>\n<\/div>\n\n\n\n<div class=\"wp-block-column is-vertically-aligned-center is-layout-flow wp-block-column-is-layout-flow\" style=\"flex-basis:90%\">\n<p class=\"has-text-align-center has-custom-lineheight mb-0 pb-0 mt-0 pt-0\" style=\"margin-top:var(--wp--preset--spacing--40);margin-bottom:var(--wp--preset--spacing--40);font-size:15px;line-height:1.66\">Building 20 (ground floor), Marqu\u00e9s de Valdecilla University Hospital - Av. Valdecilla, 39008. Santander (Cantabria)<br>Opening hours: Monday to Friday (working days) from 9:00 a.m. to 4:00 p.m.<br>Tel.: 699172264 | 620487358 | 689637536<br>e-mail: cohortecantabria@idival.org<\/p>\n<\/div>\n<\/div>\n\n\n\n<p class=\"has-text-align-center\" style=\"font-size:15px\">\u00a9 Copyright 2021 Cantabria Cohort (IDIVAL) | <a style=\"text-decoration:none;\" href=\"https:\/\/cohortecantabria.com\/en\/nota-legal\/\" target=\"_blank\" rel=\"noreferrer noopener\"><strong>Legal Note<\/strong> |<strong> <\/strong><\/a><a style=\"text-decoration:none;\" href=\"https:\/\/cohortecantabria.com\/en\/politica-de-privacidad\/\" target=\"_blank\" rel=\"noreferrer noopener\"><strong>Privacy policy<\/strong> | <\/a><a style=\"text-decoration:none;\" href=\"https:\/\/cohortecantabria.com\/en\/politica-de-cookies\/\" target=\"_blank\" rel=\"noreferrer noopener\"><strong>Cookies policy<\/strong><\/a><\/p>\n\n\n<div class=\"wp-block-image\">\n<figure class=\"aligncenter size-large is-resized\"><img fetchpriority=\"high\" decoding=\"async\" width=\"1024\" height=\"178\" data-attachment-id=\"8326\" data-permalink=\"https:\/\/cohortecantabria.com\/en\/?attachment_id=8326\" data-orig-file=\"https:\/\/cohortecantabria.com\/wp-content\/uploads\/2024\/04\/Logosweb_blanco-1.png\" data-orig-size=\"1989,346\" data-comments-opened=\"0\" data-image-meta=\"{&quot;aperture&quot;:&quot;0&quot;,&quot;credit&quot;:&quot;&quot;,&quot;camera&quot;:&quot;&quot;,&quot;caption&quot;:&quot;&quot;,&quot;created_timestamp&quot;:&quot;0&quot;,&quot;copyright&quot;:&quot;&quot;,&quot;focal_length&quot;:&quot;0&quot;,&quot;iso&quot;:&quot;0&quot;,&quot;shutter_speed&quot;:&quot;0&quot;,&quot;title&quot;:&quot;&quot;,&quot;orientation&quot;:&quot;0&quot;}\" data-image-title=\"Logosweb_blanco-1\" data-image-description=\"\" data-image-caption=\"\" data-medium-file=\"https:\/\/cohortecantabria.com\/wp-content\/uploads\/2024\/04\/Logosweb_blanco-1-300x52.png\" data-large-file=\"https:\/\/cohortecantabria.com\/wp-content\/uploads\/2024\/04\/Logosweb_blanco-1-1024x178.png\" src=\"https:\/\/cohortecantabria.com\/wp-content\/uploads\/2024\/04\/Logosweb_blanco-1-1024x178.png\" alt=\"\" class=\"wp-image-8326\" style=\"width:664px;height:auto\" srcset=\"https:\/\/cohortecantabria.com\/wp-content\/uploads\/2024\/04\/Logosweb_blanco-1-1024x178.png 1024w, https:\/\/cohortecantabria.com\/wp-content\/uploads\/2024\/04\/Logosweb_blanco-1-300x52.png 300w, https:\/\/cohortecantabria.com\/wp-content\/uploads\/2024\/04\/Logosweb_blanco-1-768x134.png 768w, https:\/\/cohortecantabria.com\/wp-content\/uploads\/2024\/04\/Logosweb_blanco-1-1536x267.png 1536w, https:\/\/cohortecantabria.com\/wp-content\/uploads\/2024\/04\/Logosweb_blanco-1-18x3.png 18w, https:\/\/cohortecantabria.com\/wp-content\/uploads\/2024\/04\/Logosweb_blanco-1-1200x209.png 1200w, https:\/\/cohortecantabria.com\/wp-content\/uploads\/2024\/04\/Logosweb_blanco-1-1568x273.png 1568w, https:\/\/cohortecantabria.com\/wp-content\/uploads\/2024\/04\/Logosweb_blanco-1.png 1989w\" sizes=\"(max-width: 1024px) 100vw, 1024px\" \/><\/figure>\n<\/div><\/div>\n<\/div>\n<\/footer>","protected":false},"excerpt":{"rendered":"<p>1. TITULAR En cumplimiento de la Ley 34\/2002, de 11 de julio, de Servicios de la Sociedad de la Informaci\u00f3n y del Comercio Electr\u00f3nico, los datos identificativos del titular del Portal Web en el que est\u00e1s navegando son: FUNDACI\u00d3N INSTITUTO DE INVESTIGACI\u00d3N MARQU\u00c9S DE VALDECILLA.&nbsp; CIF: G39788773 Domicilio: AVDA. CARDENAL HERRERA ORIA, S\/N, 39007, SANTANDER.<a class=\"more-link\" href=\"https:\/\/cohortecantabria.com\/en\/nota-legal\/\">Continue reading <span class=\"screen-reader-text\">\u00abNota Legal\u00bb<\/span><\/a><\/p>","protected":false},"author":200200971,"featured_media":0,"parent":0,"menu_order":0,"comment_status":"closed","ping_status":"closed","template":"","meta":{"_coblocks_attr":"","_coblocks_dimensions":"","_coblocks_responsive_height":"","_coblocks_accordion_ie_support":"","jetpack_post_was_ever_published":false,"footnotes":""},"class_list":["post-371","page","type-page","status-publish","hentry","entry"],"yoast_head":"<!-- This site is optimized with the Yoast SEO plugin v27.3 - https:\/\/yoast.com\/product\/yoast-seo-wordpress\/ -->\n<title>Nota Legal - Cohorte Cantabria<\/title>\n<meta name=\"description\" content=\"Cohorte Cantabria es un estudio \u00fanico y pionero en Espa\u00f1a que permitir\u00e1 avanzar en el conocimiento de las enfermedades. Recoger\u00e1 datos de salud y muestras de los participantes que ser\u00e1n la clave para el progreso de la medicina de precisi\u00f3n y establecer estrategias de salud en la regi\u00f3n.\" \/>\n<meta name=\"robots\" content=\"index, follow, max-snippet:-1, max-image-preview:large, max-video-preview:-1\" \/>\n<link rel=\"canonical\" href=\"https:\/\/cohortecantabria.com\/en\/nota-legal\/\" \/>\n<meta property=\"og:locale\" content=\"en_GB\" \/>\n<meta property=\"og:type\" content=\"article\" \/>\n<meta property=\"og:title\" content=\"Nota Legal - Cohorte Cantabria\" \/>\n<meta property=\"og:description\" content=\"Cohorte Cantabria es un estudio \u00fanico y pionero en Espa\u00f1a que permitir\u00e1 avanzar en el conocimiento de las enfermedades. Recoger\u00e1 datos de salud y muestras de los participantes que ser\u00e1n la clave para el progreso de la medicina de precisi\u00f3n y establecer estrategias de salud en la regi\u00f3n.\" \/>\n<meta property=\"og:url\" content=\"https:\/\/cohortecantabria.com\/en\/nota-legal\/\" \/>\n<meta property=\"og:site_name\" content=\"Cohorte Cantabria\" \/>\n<meta property=\"article:publisher\" content=\"https:\/\/www.facebook.com\/CohorteCantabria\/\" \/>\n<meta property=\"article:modified_time\" content=\"2024-03-15T13:03:06+00:00\" \/>\n<meta name=\"twitter:card\" content=\"summary_large_image\" \/>\n<meta name=\"twitter:site\" content=\"@CohortCantabria\" \/>\n<meta name=\"twitter:label1\" content=\"Estimated reading time\" \/>\n\t<meta name=\"twitter:data1\" content=\"4 minutes\" \/>\n<script type=\"application\/ld+json\" class=\"yoast-schema-graph\">{\"@context\":\"https:\\\/\\\/schema.org\",\"@graph\":[{\"@type\":\"WebPage\",\"@id\":\"https:\\\/\\\/cohortecantabria.com\\\/nota-legal\\\/\",\"url\":\"https:\\\/\\\/cohortecantabria.com\\\/nota-legal\\\/\",\"name\":\"Nota Legal - Cohorte Cantabria\",\"isPartOf\":{\"@id\":\"https:\\\/\\\/cohortecantabria.com\\\/#website\"},\"datePublished\":\"2021-03-10T13:15:03+00:00\",\"dateModified\":\"2024-03-15T13:03:06+00:00\",\"description\":\"Cohorte Cantabria es un estudio \u00fanico y pionero en Espa\u00f1a que permitir\u00e1 avanzar en el conocimiento de las enfermedades. Recoger\u00e1 datos de salud y muestras de los participantes que ser\u00e1n la clave para el progreso de la medicina de precisi\u00f3n y establecer estrategias de salud en la regi\u00f3n.\",\"breadcrumb\":{\"@id\":\"https:\\\/\\\/cohortecantabria.com\\\/nota-legal\\\/#breadcrumb\"},\"inLanguage\":\"en-GB\",\"potentialAction\":[{\"@type\":\"ReadAction\",\"target\":[\"https:\\\/\\\/cohortecantabria.com\\\/nota-legal\\\/\"]}]},{\"@type\":\"BreadcrumbList\",\"@id\":\"https:\\\/\\\/cohortecantabria.com\\\/nota-legal\\\/#breadcrumb\",\"itemListElement\":[{\"@type\":\"ListItem\",\"position\":1,\"name\":\"Portada\",\"item\":\"https:\\\/\\\/cohortecantabria.com\\\/\"},{\"@type\":\"ListItem\",\"position\":2,\"name\":\"Nota Legal\"}]},{\"@type\":\"WebSite\",\"@id\":\"https:\\\/\\\/cohortecantabria.com\\\/#website\",\"url\":\"https:\\\/\\\/cohortecantabria.com\\\/\",\"name\":\"Cohorte Cantabria\",\"description\":\"El estudio de salud de Cantabria\",\"publisher\":{\"@id\":\"https:\\\/\\\/cohortecantabria.com\\\/#organization\"},\"alternateName\":\"cohortecantabria\",\"potentialAction\":[{\"@type\":\"SearchAction\",\"target\":{\"@type\":\"EntryPoint\",\"urlTemplate\":\"https:\\\/\\\/cohortecantabria.com\\\/?s={search_term_string}\"},\"query-input\":{\"@type\":\"PropertyValueSpecification\",\"valueRequired\":true,\"valueName\":\"search_term_string\"}}],\"inLanguage\":\"en-GB\"},{\"@type\":\"Organization\",\"@id\":\"https:\\\/\\\/cohortecantabria.com\\\/#organization\",\"name\":\"Cohorte Cantabria\",\"alternateName\":\"Cohorte Cantabria\",\"url\":\"https:\\\/\\\/cohortecantabria.com\\\/\",\"logo\":{\"@type\":\"ImageObject\",\"inLanguage\":\"en-GB\",\"@id\":\"https:\\\/\\\/cohortecantabria.com\\\/#\\\/schema\\\/logo\\\/image\\\/\",\"url\":\"https:\\\/\\\/cohortecantabria.com\\\/wp-content\\\/uploads\\\/2024\\\/12\\\/LOGOPNG_Cuadrado2000x20002.jpg\",\"contentUrl\":\"https:\\\/\\\/cohortecantabria.com\\\/wp-content\\\/uploads\\\/2024\\\/12\\\/LOGOPNG_Cuadrado2000x20002.jpg\",\"width\":1401,\"height\":1305,\"caption\":\"Cohorte Cantabria\"},\"image\":{\"@id\":\"https:\\\/\\\/cohortecantabria.com\\\/#\\\/schema\\\/logo\\\/image\\\/\"},\"sameAs\":[\"https:\\\/\\\/www.facebook.com\\\/CohorteCantabria\\\/\",\"https:\\\/\\\/x.com\\\/CohortCantabria\",\"https:\\\/\\\/www.youtube.com\\\/channel\\\/UCAu1Vqje_Ztv1YgpbWh1KxA\",\"https:\\\/\\\/www.linkedin.com\\\/company\\\/cohorte-cantabria\"]}]}<\/script>\n<!-- \/ Yoast SEO plugin. -->","yoast_head_json":{"title":"Nota Legal - Cohorte Cantabria","description":"Cohorte Cantabria es un estudio \u00fanico y pionero en Espa\u00f1a que permitir\u00e1 avanzar en el conocimiento de las enfermedades. Recoger\u00e1 datos de salud y muestras de los participantes que ser\u00e1n la clave para el progreso de la medicina de precisi\u00f3n y establecer estrategias de salud en la regi\u00f3n.","robots":{"index":"index","follow":"follow","max-snippet":"max-snippet:-1","max-image-preview":"max-image-preview:large","max-video-preview":"max-video-preview:-1"},"canonical":"https:\/\/cohortecantabria.com\/en\/nota-legal\/","og_locale":"en_GB","og_type":"article","og_title":"Nota Legal - Cohorte Cantabria","og_description":"Cohorte Cantabria es un estudio \u00fanico y pionero en Espa\u00f1a que permitir\u00e1 avanzar en el conocimiento de las enfermedades. Recoger\u00e1 datos de salud y muestras de los participantes que ser\u00e1n la clave para el progreso de la medicina de precisi\u00f3n y establecer estrategias de salud en la regi\u00f3n.","og_url":"https:\/\/cohortecantabria.com\/en\/nota-legal\/","og_site_name":"Cohorte Cantabria","article_publisher":"https:\/\/www.facebook.com\/CohorteCantabria\/","article_modified_time":"2024-03-15T13:03:06+00:00","twitter_card":"summary_large_image","twitter_site":"@CohortCantabria","twitter_misc":{"Estimated reading time":"4 minutes"},"schema":{"@context":"https:\/\/schema.org","@graph":[{"@type":"WebPage","@id":"https:\/\/cohortecantabria.com\/nota-legal\/","url":"https:\/\/cohortecantabria.com\/nota-legal\/","name":"Nota Legal - Cohorte Cantabria","isPartOf":{"@id":"https:\/\/cohortecantabria.com\/#website"},"datePublished":"2021-03-10T13:15:03+00:00","dateModified":"2024-03-15T13:03:06+00:00","description":"Cohorte Cantabria es un estudio \u00fanico y pionero en Espa\u00f1a que permitir\u00e1 avanzar en el conocimiento de las enfermedades. Recoger\u00e1 datos de salud y muestras de los participantes que ser\u00e1n la clave para el progreso de la medicina de precisi\u00f3n y establecer estrategias de salud en la regi\u00f3n.","breadcrumb":{"@id":"https:\/\/cohortecantabria.com\/nota-legal\/#breadcrumb"},"inLanguage":"en-GB","potentialAction":[{"@type":"ReadAction","target":["https:\/\/cohortecantabria.com\/nota-legal\/"]}]},{"@type":"BreadcrumbList","@id":"https:\/\/cohortecantabria.com\/nota-legal\/#breadcrumb","itemListElement":[{"@type":"ListItem","position":1,"name":"Portada","item":"https:\/\/cohortecantabria.com\/"},{"@type":"ListItem","position":2,"name":"Nota Legal"}]},{"@type":"WebSite","@id":"https:\/\/cohortecantabria.com\/#website","url":"https:\/\/cohortecantabria.com\/","name":"Cantabria Cohort","description":"El estudio de salud de Cantabria","publisher":{"@id":"https:\/\/cohortecantabria.com\/#organization"},"alternateName":"cohortecantabria","potentialAction":[{"@type":"SearchAction","target":{"@type":"EntryPoint","urlTemplate":"https:\/\/cohortecantabria.com\/?s={search_term_string}"},"query-input":{"@type":"PropertyValueSpecification","valueRequired":true,"valueName":"search_term_string"}}],"inLanguage":"en-GB"},{"@type":"Organization","@id":"https:\/\/cohortecantabria.com\/#organization","name":"Cantabria Cohort","alternateName":"Cohorte Cantabria","url":"https:\/\/cohortecantabria.com\/","logo":{"@type":"ImageObject","inLanguage":"en-GB","@id":"https:\/\/cohortecantabria.com\/#\/schema\/logo\/image\/","url":"https:\/\/cohortecantabria.com\/wp-content\/uploads\/2024\/12\/LOGOPNG_Cuadrado2000x20002.jpg","contentUrl":"https:\/\/cohortecantabria.com\/wp-content\/uploads\/2024\/12\/LOGOPNG_Cuadrado2000x20002.jpg","width":1401,"height":1305,"caption":"Cohorte Cantabria"},"image":{"@id":"https:\/\/cohortecantabria.com\/#\/schema\/logo\/image\/"},"sameAs":["https:\/\/www.facebook.com\/CohorteCantabria\/","https:\/\/x.com\/CohortCantabria","https:\/\/www.youtube.com\/channel\/UCAu1Vqje_Ztv1YgpbWh1KxA","https:\/\/www.linkedin.com\/company\/cohorte-cantabria"]}]}},"jetpack_likes_enabled":true,"jetpack_sharing_enabled":true,"jetpack_shortlink":"https:\/\/wp.me\/PcJYBM-5Z","_links":{"self":[{"href":"https:\/\/cohortecantabria.com\/en\/wp-json\/wp\/v2\/pages\/371","targetHints":{"allow":["GET"]}}],"collection":[{"href":"https:\/\/cohortecantabria.com\/en\/wp-json\/wp\/v2\/pages"}],"about":[{"href":"https:\/\/cohortecantabria.com\/en\/wp-json\/wp\/v2\/types\/page"}],"author":[{"embeddable":true,"href":"https:\/\/cohortecantabria.com\/en\/wp-json\/wp\/v2\/users\/200200971"}],"replies":[{"embeddable":true,"href":"https:\/\/cohortecantabria.com\/en\/wp-json\/wp\/v2\/comments?post=371"}],"version-history":[{"count":12,"href":"https:\/\/cohortecantabria.com\/en\/wp-json\/wp\/v2\/pages\/371\/revisions"}],"predecessor-version":[{"id":7856,"href":"https:\/\/cohortecantabria.com\/en\/wp-json\/wp\/v2\/pages\/371\/revisions\/7856"}],"wp:attachment":[{"href":"https:\/\/cohortecantabria.com\/en\/wp-json\/wp\/v2\/media?parent=371"}],"curies":[{"name":"wp","href":"https:\/\/api.w.org\/{rel}","templated":true}]}}